{"id":8,"date":"2023-10-19T17:25:47","date_gmt":"2023-10-19T20:25:47","guid":{"rendered":"https:\/\/sibi.uepa.br\/?page_id=8"},"modified":"2025-12-19T15:05:42","modified_gmt":"2025-12-19T18:05:42","slug":"home","status":"publish","type":"page","link":"https:\/\/sibi.uepa.br\/","title":{"rendered":"Home"},"content":{"rendered":"\n<style>\r\n.ast-above-header-wrap  {\r\nbackground: none;\r\n}\r\n<\/style>\n\n\n\n<div data-aos= \"fade\" data-aos-duration=\"400\" data-aos-delay=\"0\" data-aos-easing=\"ease\" data-aos-once=\"true\" class=\"wp-block-uagb-container uagb-block-c04e3577 alignfull uagb-is-root-container\"><div class=\"uagb-container__shape uagb-container__shape-bottom uagb-container__invert\" data-negative=\"false\"><svg xmlns=\"https:\/\/www.w3.org\/2000\/svg\" viewBox=\"0 0 1000 100\" preserveAspectRatio=\"none\"><path class=\"uagb-container__shape-fill\" d=\"M0,0c0,0,0,6,0,6.7c0,18,240.2,93.6,615.2,92.6C989.8,98.5,1000,25,1000,6.7c0-0.7,0-6.7,0-6.7H0z\"><\/path><\/svg><\/div><div class=\"uagb-container-inner-blocks-wrap\">\n<div class=\"wp-block-uagb-container uagb-block-f6347f2c\">\n<div class=\"wp-block-uagb-advanced-heading uagb-block-0d1bf05a\"><h2 class=\"uagb-heading-text\"><strong>Sistema de Bibliotecas<\/strong><\/h2><p class=\"uagb-desc-text\"><br>A UEPA oferece Bibliotecas com salas de estudo, <br>espa\u00e7o de conviv\u00eancia e um acervo geral de 100.555 t\u00edtulos e 242.856 exemplares.<\/p><\/div>\n\n\n\n<div class=\"inherit-container-width wp-block-group is-layout-constrained wp-block-group-is-layout-constrained\">\n<div class=\"wp-block-uagb-buttons uagb-buttons__outer-wrap uagb-btn__default-btn uagb-btn-tablet__default-btn uagb-btn-mobile__default-btn uagb-block-1304cf42\"><div class=\"uagb-buttons__wrap uagb-buttons-layout-wrap\">\n<div class=\"wp-block-uagb-buttons-child uagb-buttons__outer-wrap uagb-block-e8055800 wp-block-button\"><div class=\"uagb-button__wrapper\"><a class=\"uagb-buttons-repeater wp-block-button__link\" href=\"https:\/\/biblioteca.uepa.br\/\" onclick=\"return true;\" rel=\"follow noopener\" target=\"_blank\"><div class=\"uagb-button__link\">Consulta de Acervo<\/div><\/a><\/div><\/div>\n<\/div><\/div>\n<\/div>\n\n\n\n<div class=\"wp-block-uagb-container uagb-block-23e73e8e\">\n<div class=\"wp-block-uagb-image alignleft uagb-block-11b6713a wp-block-uagb-image--layout-default wp-block-uagb-image--effect-static wp-block-uagb-image--align-left\"><figure class=\"wp-block-uagb-image__figure\"><img decoding=\"async\" srcset=\"https:\/\/prograd.uepa.br\/curso\/filosofia\/wp-content\/uploads\/2023\/04\/logo-uepa-branca_Prancheta-1-1024x724-1.png \" sizes=\"(max-width: 480px) 150px\" src=\"https:\/\/prograd.uepa.br\/curso\/filosofia\/wp-content\/uploads\/2023\/04\/logo-uepa-branca_Prancheta-1-1024x724-1.png\" alt=\"\" class=\"uag-image-356\" width=\"200\" height=\"724\" title=\"\" loading=\"lazy\"\/><\/figure><\/div>\n<\/div>\n<\/div>\n<\/div><\/div>\n\n\n\n<div id=\"itens\" class=\"wp-block-uagb-container uagb-block-4dc9cd5c alignfull uagb-is-root-container\"><div class=\"uagb-container__shape uagb-container__shape-bottom uagb-container__invert\" data-negative=\"false\"><svg xmlns=\"https:\/\/www.w3.org\/2000\/svg\" viewBox=\"0 0 1000 100\" preserveAspectRatio=\"none\"><path class=\"uagb-container__shape-fill\" d=\"M0,0c0,0,0,6,0,6.7c0,18,240.2,93.6,615.2,92.6C989.8,98.5,1000,25,1000,6.7c0-0.7,0-6.7,0-6.7H0z\"><\/path><\/svg><\/div><div class=\"uagb-container-inner-blocks-wrap\">\n<div class=\"wp-block-uagb-advanced-heading uagb-block-037ace69\"><h2 class=\"uagb-heading-text\"><strong>Apresenta\u00e7\u00e3o<\/strong><\/h2><div class=\"uagb-separator\"><\/div><\/div>\n\n\n\n<div class=\"wp-block-uagb-advanced-heading uagb-block-58d5c17b justificar\"><p class=\"uagb-heading-text\"><strong>A UEPA oferece Bibliotecas com salas de estudo, espa\u00e7o de conviv\u00eancia e um acervo geral de 100.555 t\u00edtulos e 242.856 exemplares. A Biblioteca Central, localizada no Centro de Ci\u00eancias Biol\u00f3gicas e da Sa\u00fade (CCBS)\/Campus II, coordena tecnicamente 22 bibliotecas que comp\u00f5em o Sistema de Bibliotecas da Uepa (SIBIUEPA), sendo cinco em Bel\u00e9m e 17 nos demais campi. O Sistema se caracteriza por ser descentralizado e as Bibliotecas Setoriais s\u00e3o respons\u00e1veis pelos acervos bibliogr\u00e1ficos e pelo atendimento aos usu\u00e1rios. Com o software PERGAMUM \u00e9 poss\u00edvel a informatiza\u00e7\u00e3o e o gerenciamento dos servi\u00e7os t\u00e9cnicos e da rede de bibliotecas da Uepa, al\u00e9m do acesso ao cat\u00e1logo on-line do acervo bibliogr\u00e1fico. Disponibiliza tamb\u00e9m a Plataforma Digital de e-books Minha Biblioteca com cerca de mais de 11.000 t\u00edtulos nas diversas \u00e1reas do conhecimento.<\/strong><\/p><\/div>\n\n\n\n<div class=\"wp-block-uagb-container uagb-block-31f6c659\">\n<div class=\"wp-block-uagb-container uagb-block-d4bf7007\">\n<div class=\"wp-block-uagb-advanced-heading uagb-block-fe273504\"><h3 class=\"uagb-heading-text\"><strong>Miss\u00e3o:<\/strong><\/h3><\/div>\n\n\n\n<p class=\"justificar has-ast-global-color-8-color has-text-color has-link-color wp-elements-3cdf8f7f532d9b731f6300d5f70f1a5f\">Promover e garantir \u00e0 comunidade acad\u00eamica o acesso \u00e0 informa\u00e7\u00e3o atrav\u00e9s da aquisi\u00e7\u00e3o, atualiza\u00e7\u00e3o, compartilhamento e distribui\u00e7\u00e3o do acervo informacional no \u00e2mbito do Sistema de Bibliotecas da UEPA \u2013 SIBIUEPA<strong>,&nbsp;<\/strong>contemplando o ensino, pesquisa e extens\u00e3o da Universidade.<\/p>\n<\/div>\n\n\n\n<div class=\"wp-block-uagb-container uagb-block-6e3f4631\">\n<div class=\"wp-block-uagb-advanced-heading uagb-block-564b0941\"><h3 class=\"uagb-heading-text\"><strong>Vis\u00e3o de Futuro:<\/strong><\/h3><\/div>\n\n\n\n<p class=\"justificar has-ast-global-color-8-color has-text-color has-link-color wp-elements-c5364d06093671e1c858122a31e9d2b3\">Ser refer\u00eancia em gest\u00e3o da informa\u00e7\u00e3o e dissemina\u00e7\u00e3o do conhecimento cient\u00edfico-cultural na Amaz\u00f4nia.<\/p>\n<\/div>\n<\/div>\n\n\n\n<div class=\"wp-block-uagb-container uagb-block-9be9f21e\">\n<div class=\"wp-block-uagb-advanced-heading uagb-block-a703dd2a\"><h2 class=\"uagb-heading-text\"><strong>Not\u00edcias<\/strong><\/h2><div class=\"uagb-separator\"><\/div><\/div>\n\n\n\n\t\t\t<div class=\"wp-block-uagb-post-carousel uagb-post-grid  uagb-post__image-position-top uagb-post__image-enabled uagb-block-ff325009     uagb-post__arrow-outside uagb-post__items uagb-post__columns-2 is-carousel uagb-post__columns-tablet-2 uagb-post__columns-mobile-1 uagb-post__carousel_equal-height\" data-total=\"1\" style=\"\">\n\n\t\t\t\t\t\t\t\t\t\t\t\t<article class=\"uagb-post__inner-wrap\">\t\t\t\t\t\t\t\t<h4 class=\"uagb-post__title uagb-post__text\">\n\t\t\t\t<a href=\"https:\/\/sibi.uepa.br\/index.php\/2023\/12\/04\/contatos-das-bibliotecas-setoriais-capital\/\" target=\"_self\" rel=\"bookmark noopener noreferrer\">Contatos das Bibliotecas Setoriais \/ Capital<\/a>\n\t\t\t<\/h4>\n\t\t\t\t\t\t<div class='uagb-post__text uagb-post-grid-byline'>\n\t\t\t\t\t\t\t\t<time datetime=\"2023-12-04T14:16:49-03:00\" class=\"uagb-post__date\">\n\t\t\t\t<span class=\"dashicons-calendar dashicons\"><\/span>\t\t\t\t\t4 de dezembro de 2023\t\t\t\t<\/time>\n\t\t\t\t\t\t<\/div>\n\t\t\t\t\t\t\t<div class='uagb-post__text uagb-post__excerpt'>\n\t\t\t\t\t<p>Contatos das Bibliotecas Setoriais \/ Capital 1 \u2013 Biblioteca&#8230;\t\t\t\t<\/div>\n\t\t\t\t\t\t<div class=\"uagb-post__text uagb-post__cta wp-block-button\">\n\t\t\t\t<a class=\"wp-block-button__link uagb-text-link\" href=\"https:\/\/sibi.uepa.br\/index.php\/2023\/12\/04\/contatos-das-bibliotecas-setoriais-capital\/\" target=\"_self\" rel=\"bookmark noopener noreferrer\">Ler mais<\/a>\n\t\t\t<\/div>\n\t\t\t\t\t\t\t\t\t\t\t\t<\/article>\n\t\t\t\t\t\t\t\t\t\t\t\t\t\t\t\t<article class=\"uagb-post__inner-wrap\">\t\t\t\t\t\t\t\t<h4 class=\"uagb-post__title uagb-post__text\">\n\t\t\t\t<a href=\"https:\/\/sibi.uepa.br\/index.php\/2023\/12\/04\/horarios-de-funcionamento\/\" target=\"_self\" rel=\"bookmark noopener noreferrer\">Hor\u00e1rios de funcionamento<\/a>\n\t\t\t<\/h4>\n\t\t\t\t\t\t<div class='uagb-post__text uagb-post-grid-byline'>\n\t\t\t\t\t\t\t\t<time datetime=\"2023-12-04T14:08:05-03:00\" class=\"uagb-post__date\">\n\t\t\t\t<span class=\"dashicons-calendar dashicons\"><\/span>\t\t\t\t\t4 de dezembro de 2023\t\t\t\t<\/time>\n\t\t\t\t\t\t<\/div>\n\t\t\t\t\t\t\t<div class='uagb-post__text uagb-post__excerpt'>\n\t\t\t\t\t<p>Confira os hor\u00e1rios de funcionamento: Campus I \/ CCSE:&#8230;\t\t\t\t<\/div>\n\t\t\t\t\t\t<div class=\"uagb-post__text uagb-post__cta wp-block-button\">\n\t\t\t\t<a class=\"wp-block-button__link uagb-text-link\" href=\"https:\/\/sibi.uepa.br\/index.php\/2023\/12\/04\/horarios-de-funcionamento\/\" target=\"_self\" rel=\"bookmark noopener noreferrer\">Ler mais<\/a>\n\t\t\t<\/div>\n\t\t\t\t\t\t\t\t\t\t\t\t<\/article>\n\t\t\t\t\t\t\t\t\t\t\t<\/div>\n\t\t\t<\/div>\n\n\n\n<div class=\"wp-block-uagb-advanced-heading uagb-block-b89d2ff0\"><h2 class=\"uagb-heading-text\"><strong>Coordena\u00e7\u00e3o<\/strong><\/h2><div class=\"uagb-separator\"><\/div><\/div>\n\n\n\n<div id=\"equipe-1\" class=\"wp-block-uagb-container uagb-block-da1b12c4\">\n<div class=\"wp-block-uagb-container uagb-block-9165ab21\">\n<div class=\"wp-block-uagb-advanced-heading uagb-block-06bf847c\"><h4 class=\"uagb-heading-text\">Diretora<\/h4><\/div>\n\n\n\n<div class=\"wp-block-uagb-advanced-heading uagb-block-dbf5abed\"><p class=\"uagb-heading-text\">Rita Almeida<\/p><\/div>\n<\/div>\n\n\n\n<div class=\"wp-block-uagb-container uagb-block-cb51f6ff\">\n<div class=\"wp-block-uagb-advanced-heading uagb-block-eb307972\"><h4 class=\"uagb-heading-text\">Equipe T\u00e9cnica<\/h4><\/div>\n\n\n\n<div class=\"wp-block-uagb-advanced-heading uagb-block-8dcce96b\"><p class=\"uagb-heading-text\">Eliane Saraiva<br>Maria da Luz<\/p><\/div>\n<\/div>\n\n\n\n<div class=\"wp-block-uagb-container uagb-block-aebaf7fb\">\n<div class=\"wp-block-uagb-advanced-heading uagb-block-8303aaf4\"><h4 class=\"uagb-heading-text\">Administrativo<\/h4><\/div>\n\n\n\n<div class=\"wp-block-uagb-advanced-heading uagb-block-ceeae91e\"><p class=\"uagb-heading-text\">Thamyres Falc\u00e3o<\/p><\/div>\n<\/div>\n<\/div>\n\n\n\n<div class=\"wp-block-group is-layout-constrained wp-block-group-is-layout-constrained\">\n<div class=\"wp-block-group is-layout-constrained wp-block-group-is-layout-constrained\">\n<div class=\"wp-block-group is-layout-constrained wp-block-group-is-layout-constrained\">\n<div class=\"wp-block-group is-layout-constrained wp-block-group-is-layout-constrained\">\n<div class=\"wp-block-group is-layout-constrained wp-block-group-is-layout-constrained\">\n<div class=\"wp-block-uagb-advanced-heading uagb-block-ff4f1a7f\"><h2 class=\"uagb-heading-text\"><strong>Aniversariantes<\/strong><\/h2><div class=\"uagb-separator\"><\/div><\/div>\n\n\n\n<figure class=\"wp-block-image aligncenter size-large is-resized\"><img loading=\"lazy\" decoding=\"async\" width=\"1024\" height=\"1024\" src=\"https:\/\/sibi.uepa.br\/wp-content\/uploads\/2025\/12\/Aniversariantes-do-mes-DEZ-1024x1024.jpg\" alt=\"\" class=\"wp-image-433\" style=\"width:579px;height:auto\" srcset=\"https:\/\/sibi.uepa.br\/wp-content\/uploads\/2025\/12\/Aniversariantes-do-mes-DEZ-1024x1024.jpg 1024w, https:\/\/sibi.uepa.br\/wp-content\/uploads\/2025\/12\/Aniversariantes-do-mes-DEZ-300x300.jpg 300w, https:\/\/sibi.uepa.br\/wp-content\/uploads\/2025\/12\/Aniversariantes-do-mes-DEZ-150x150.jpg 150w, https:\/\/sibi.uepa.br\/wp-content\/uploads\/2025\/12\/Aniversariantes-do-mes-DEZ-768x768.jpg 768w, https:\/\/sibi.uepa.br\/wp-content\/uploads\/2025\/12\/Aniversariantes-do-mes-DEZ.jpg 1080w\" sizes=\"(max-width: 1024px) 100vw, 1024px\" \/><\/figure>\n\n\n\n<div class=\"wp-block-uagb-advanced-heading uagb-block-0da9255b\"><h2 class=\"uagb-heading-text\"><strong>SIBIUEPA Informa<\/strong><\/h2><div class=\"uagb-separator\"><\/div><\/div>\n\n\n\n<p class=\"has-text-align-center has-ast-global-color-8-color has-text-color has-link-color wp-elements-5da72b6470eeae2263a04086dc0b8e79\"><strong>PLATAFORMA DIGITAL MINHA BIBLIOTECA<\/strong><\/p>\n\n\n\n<figure class=\"wp-block-image aligncenter size-large is-resized\"><img loading=\"lazy\" decoding=\"async\" width=\"1024\" height=\"1024\" src=\"https:\/\/sibi.uepa.br\/wp-content\/uploads\/2025\/01\/BIBLIOTECA-VIRTUAL-card-1024x1024.png\" alt=\"\" class=\"wp-image-387\" style=\"width:575px;height:auto\" srcset=\"https:\/\/sibi.uepa.br\/wp-content\/uploads\/2025\/01\/BIBLIOTECA-VIRTUAL-card-1024x1024.png 1024w, https:\/\/sibi.uepa.br\/wp-content\/uploads\/2025\/01\/BIBLIOTECA-VIRTUAL-card-300x300.png 300w, https:\/\/sibi.uepa.br\/wp-content\/uploads\/2025\/01\/BIBLIOTECA-VIRTUAL-card-150x150.png 150w, https:\/\/sibi.uepa.br\/wp-content\/uploads\/2025\/01\/BIBLIOTECA-VIRTUAL-card-768x768.png 768w, https:\/\/sibi.uepa.br\/wp-content\/uploads\/2025\/01\/BIBLIOTECA-VIRTUAL-card.png 1080w\" sizes=\"(max-width: 1024px) 100vw, 1024px\" \/><\/figure>\n\n\n\n<figure class=\"wp-block-image aligncenter size-full is-resized\"><img loading=\"lazy\" decoding=\"async\" width=\"720\" height=\"703\" src=\"https:\/\/sibi.uepa.br\/wp-content\/uploads\/2025\/01\/Acesso-SIGAA.jpg\" alt=\"\" class=\"wp-image-389\" style=\"width:575px;height:auto\" srcset=\"https:\/\/sibi.uepa.br\/wp-content\/uploads\/2025\/01\/Acesso-SIGAA.jpg 720w, https:\/\/sibi.uepa.br\/wp-content\/uploads\/2025\/01\/Acesso-SIGAA-300x293.jpg 300w\" sizes=\"(max-width: 720px) 100vw, 720px\" \/><\/figure>\n<\/div>\n<\/div>\n<\/div>\n<\/div>\n<\/div>\n<\/div><\/div>\n\n\n\n<h2 class=\"wp-block-heading has-text-align-center\"><strong>RECESSO<\/strong><\/h2>\n\n\n\n<figure class=\"wp-block-image aligncenter size-large is-resized\"><img loading=\"lazy\" decoding=\"async\" width=\"1024\" height=\"1024\" src=\"https:\/\/sibi.uepa.br\/wp-content\/uploads\/2025\/12\/Recesso-2025-1024x1024.jpg\" alt=\"\" class=\"wp-image-435\" style=\"width:568px;height:auto\" srcset=\"https:\/\/sibi.uepa.br\/wp-content\/uploads\/2025\/12\/Recesso-2025-1024x1024.jpg 1024w, https:\/\/sibi.uepa.br\/wp-content\/uploads\/2025\/12\/Recesso-2025-300x300.jpg 300w, https:\/\/sibi.uepa.br\/wp-content\/uploads\/2025\/12\/Recesso-2025-150x150.jpg 150w, https:\/\/sibi.uepa.br\/wp-content\/uploads\/2025\/12\/Recesso-2025-768x768.jpg 768w, https:\/\/sibi.uepa.br\/wp-content\/uploads\/2025\/12\/Recesso-2025.jpg 1080w\" sizes=\"(max-width: 1024px) 100vw, 1024px\" \/><\/figure>\n","protected":false},"excerpt":{"rendered":"<p>Sistema de Bibliotecas A UEPA oferece Bibliotecas com salas de estudo, espa\u00e7o de conviv\u00eancia e um acervo geral de 100.555 t\u00edtulos e 242.856 exemplares. Apresenta\u00e7\u00e3o A UEPA oferece Bibliotecas com salas de estudo, espa\u00e7o de conviv\u00eancia e um acervo geral de 100.555 t\u00edtulos e 242.856 exemplares. A Biblioteca Central, localizada no Centro de Ci\u00eancias Biol\u00f3gicas &hellip;<\/p>\n<p class=\"read-more\"> <a class=\"\" href=\"https:\/\/sibi.uepa.br\/\"> <span class=\"screen-reader-text\">Home<\/span> Leia mais &raquo;<\/a><\/p>\n","protected":false},"author":1,"featured_media":0,"parent":0,"menu_order":0,"comment_status":"closed","ping_status":"closed","template":"","meta":{"_uag_custom_page_level_css":"","site-sidebar-layout":"no-sidebar","site-content-layout":"plain-container","ast-site-content-layout":"","site-content-style":"default","site-sidebar-style":"default","ast-global-header-display":"","ast-banner-title-visibility":"","ast-main-header-display":"","ast-hfb-above-header-display":"","ast-hfb-below-header-display":"","ast-hfb-mobile-header-display":"","site-post-title":"disabled","ast-breadcrumbs-content":"","ast-featured-img":"","footer-sml-layout":"","theme-transparent-header-meta":"enabled","adv-header-id-meta":"","stick-header-meta":"","header-above-stick-meta":"","header-main-stick-meta":"","header-below-stick-meta":"","astra-migrate-meta-layouts":"","ast-page-background-enabled":"default","ast-page-background-meta":{"desktop":{"background-color":"var(--ast-global-color-4)","background-image":"","background-repeat":"repeat","background-position":"center center","background-size":"auto","background-attachment":"scroll","background-type":"","background-media":"","overlay-type":"","overlay-color":"","overlay-gradient":""},"tablet":{"background-color":"","background-image":"","background-repeat":"repeat","background-position":"center center","background-size":"auto","background-attachment":"scroll","background-type":"","background-media":"","overlay-type":"","overlay-color":"","overlay-gradient":""},"mobile":{"background-color":"","background-image":"","background-repeat":"repeat","background-position":"center center","background-size":"auto","background-attachment":"scroll","background-type":"","background-media":"","overlay-type":"","overlay-color":"","overlay-gradient":""}},"ast-content-background-meta":{"desktop":{"background-color":"var(--ast-global-color-5)","background-image":"","background-repeat":"repeat","background-position":"center center","background-size":"auto","background-attachment":"scroll","background-type":"","background-media":"","overlay-type":"","overlay-color":"","overlay-gradient":""},"tablet":{"background-color":"var(--ast-global-color-5)","background-image":"","background-repeat":"repeat","background-position":"center center","background-size":"auto","background-attachment":"scroll","background-type":"","background-media":"","overlay-type":"","overlay-color":"","overlay-gradient":""},"mobile":{"background-color":"var(--ast-global-color-5)","background-image":"","background-repeat":"repeat","background-position":"center center","background-size":"auto","background-attachment":"scroll","background-type":"","background-media":"","overlay-type":"","overlay-color":"","overlay-gradient":""}},"footnotes":""},"uagb_featured_image_src":{"full":false,"thumbnail":false,"medium":false,"medium_large":false,"large":false,"1536x1536":false,"2048x2048":false},"uagb_author_info":{"display_name":"adminsites@uepa.br","author_link":"https:\/\/sibi.uepa.br\/index.php\/author\/adminsitesuepa-br\/"},"uagb_comment_info":0,"uagb_excerpt":"Sistema de Bibliotecas A UEPA oferece Bibliotecas com salas de estudo, espa\u00e7o de conviv\u00eancia e um acervo geral de 100.555 t\u00edtulos e 242.856 exemplares. Apresenta\u00e7\u00e3o A UEPA oferece Bibliotecas com salas de estudo, espa\u00e7o de conviv\u00eancia e um acervo geral de 100.555 t\u00edtulos e 242.856 exemplares. A Biblioteca Central, localizada no Centro de Ci\u00eancias Biol\u00f3gicas&hellip;","_links":{"self":[{"href":"https:\/\/sibi.uepa.br\/index.php\/wp-json\/wp\/v2\/pages\/8"}],"collection":[{"href":"https:\/\/sibi.uepa.br\/index.php\/wp-json\/wp\/v2\/pages"}],"about":[{"href":"https:\/\/sibi.uepa.br\/index.php\/wp-json\/wp\/v2\/types\/page"}],"author":[{"embeddable":true,"href":"https:\/\/sibi.uepa.br\/index.php\/wp-json\/wp\/v2\/users\/1"}],"replies":[{"embeddable":true,"href":"https:\/\/sibi.uepa.br\/index.php\/wp-json\/wp\/v2\/comments?post=8"}],"version-history":[{"count":93,"href":"https:\/\/sibi.uepa.br\/index.php\/wp-json\/wp\/v2\/pages\/8\/revisions"}],"predecessor-version":[{"id":436,"href":"https:\/\/sibi.uepa.br\/index.php\/wp-json\/wp\/v2\/pages\/8\/revisions\/436"}],"wp:attachment":[{"href":"https:\/\/sibi.uepa.br\/index.php\/wp-json\/wp\/v2\/media?parent=8"}],"curies":[{"name":"wp","href":"https:\/\/api.w.org\/{rel}","templated":true}]}}